{"id":765,"date":"2023-11-02T12:29:12","date_gmt":"2023-11-02T09:29:12","guid":{"rendered":"https:\/\/qvert.md\/?page_id=765"},"modified":"2023-11-08T18:41:25","modified_gmt":"2023-11-08T15:41:25","slug":"alte-produse","status":"publish","type":"page","link":"https:\/\/qvert.md\/ru\/alte-produse\/","title":{"rendered":"\u0414\u0440\u0443\u0433\u043e\u0435"},"content":{"rendered":"<div data-elementor-type=\"wp-page\" data-elementor-id=\"765\" class=\"elementor elementor-765\" data-elementor-post-type=\"page\">\n\t\t\t\t\t\t\t<div class=\"elementor-element elementor-element-977f0a4 animated-fast e-flex e-con-boxed elementor-invisible e-con e-parent\" data-id=\"977f0a4\" data-element_type=\"container\" data-settings=\"{&quot;animation&quot;:&quot;fadeInLeft&quot;,&quot;container_type&quot;:&quot;flex&quot;,&quot;content_width&quot;:&quot;boxed&quot;}\" data-core-v316-plus=\"true\">\n\t\t\t\t\t<div class=\"e-con-inner\">\n\t\t\t\t<div class=\"elementor-element elementor-element-048951f elementor-widget elementor-widget-heading\" data-id=\"048951f\" data-element_type=\"widget\" data-widget_type=\"heading.default\">\n\t\t\t\t<div class=\"elementor-widget-container\">\n\t\t\t<style>\/*! elementor - v3.17.0 - 01-11-2023 *\/\n.elementor-heading-title{padding:0;margin:0;line-height:1}.elementor-widget-heading .elementor-heading-title[class*=elementor-size-]>a{color:inherit;font-size:inherit;line-height:inherit}.elementor-widget-heading .elementor-heading-title.elementor-size-small{font-size:15px}.elementor-widget-heading .elementor-heading-title.elementor-size-medium{font-size:19px}.elementor-widget-heading .elementor-heading-title.elementor-size-large{font-size:29px}.elementor-widget-heading .elementor-heading-title.elementor-size-xl{font-size:39px}.elementor-widget-heading .elementor-heading-title.elementor-size-xxl{font-size:59px}<\/style><h2 class=\"elementor-heading-title elementor-size-default\">\u0410\u0440\u0435\u043d\u0434\u0430 \u0442\u0435\u043a\u0441\u0442\u0438\u043b\u044f \u0438 \u043d\u0430\u0441\u0442\u0438\u043b\u0430 \u0438\u0437 \u0444\u0430\u043d\u0435\u0440\u044b<\/h2>\t\t<\/div>\n\t\t\t\t<\/div>\n\t\t\t\t<div class=\"elementor-element elementor-element-0f6b4f3 elementor-widget elementor-widget-heading\" data-id=\"0f6b4f3\" data-element_type=\"widget\" data-widget_type=\"heading.default\">\n\t\t\t\t<div class=\"elementor-widget-container\">\n\t\t\t<h1 class=\"elementor-heading-title elementor-size-default\">\u041c\u044b \u043f\u0440\u0435\u0434\u043b\u0430\u0433\u0430\u0435\u043c \u0432 \u0430\u0440\u0435\u043d\u0434\u0443 \u0442\u0435\u043a\u0441\u0442\u0438\u043b\u044c \u0438 \u043d\u0430\u0441\u0442\u0438\u043b \u0438\u0437 \u0444\u0430\u043d\u0435\u0440\u044b \u0434\u043b\u044f \u043f\u0440\u043e\u0432\u0435\u0434\u0435\u043d\u0438\u044f \u043c\u0435\u0440\u043e\u043f\u0440\u0438\u044f\u0442\u0438\u0439 \u0438 \u043f\u0440\u0430\u0437\u0434\u043d\u0438\u043a\u043e\u0432<\/h1>\t\t<\/div>\n\t\t\t\t<\/div>\n\t\t\t\t\t<\/div>\n\t\t\t\t<\/div>\n\t\t<div class=\"elementor-element elementor-element-ca39433 e-con-full e-flex elementor-invisible e-con e-parent\" data-id=\"ca39433\" data-element_type=\"container\" data-settings=\"{&quot;content_width&quot;:&quot;full&quot;,&quot;background_background&quot;:&quot;classic&quot;,&quot;animation&quot;:&quot;fadeIn&quot;,&quot;container_type&quot;:&quot;flex&quot;}\" data-core-v316-plus=\"true\">\n\t\t<div class=\"elementor-element elementor-element-f7b6911 e-con-full animated-fast e-flex elementor-invisible e-con e-child\" data-id=\"f7b6911\" data-element_type=\"container\" data-settings=\"{&quot;content_width&quot;:&quot;full&quot;,&quot;animation&quot;:&quot;zoomIn&quot;,&quot;container_type&quot;:&quot;flex&quot;}\">\n\t\t\t\t<div class=\"elementor-element elementor-element-35520a5 elementor-widget elementor-widget-heading\" data-id=\"35520a5\" data-element_type=\"widget\" data-widget_type=\"heading.default\">\n\t\t\t\t<div class=\"elementor-widget-container\">\n\t\t\t<h2 class=\"elementor-heading-title elementor-size-default\">\u041d\u0410\u0421\u0422\u0418\u041b \u0418\u0417 \u0424\u0410\u041d\u0415\u0420\u042b<br>\n160 MDL\/\u043c\u00b2 <\/h2>\t\t<\/div>\n\t\t\t\t<\/div>\n\t\t\t\t<div class=\"elementor-element elementor-element-1e79cdb elementor-widget elementor-widget-image\" data-id=\"1e79cdb\" data-element_type=\"widget\" data-widget_type=\"image.default\">\n\t\t\t\t<div class=\"elementor-widget-container\">\n\t\t\t<style>\/*! elementor - v3.17.0 - 01-11-2023 *\/\n.elementor-widget-image{text-align:center}.elementor-widget-image a{display:inline-block}.elementor-widget-image a img[src$=\".svg\"]{width:48px}.elementor-widget-image img{vertical-align:middle;display:inline-block}<\/style>\t\t\t\t\t\t\t\t\t\t\t\t<img decoding=\"async\" src=\"https:\/\/qvert.md\/wp-content\/uploads\/elementor\/thumbs\/photo_2023-08-02_11-34-39-qab9a4szjyd6efkrnt5a7q8f704jkp0qu8t6mslsfi.jpg\" title=\"photo_2023-08-02_11-34-39\" alt=\"photo_2023-08-02_11-34-39\" loading=\"lazy\" \/>\t\t\t\t\t\t\t\t\t\t\t\t\t\t\t<\/div>\n\t\t\t\t<\/div>\n\t\t\t\t<div class=\"elementor-element elementor-element-dfa16be elementor-widget elementor-widget-heading\" data-id=\"dfa16be\" data-element_type=\"widget\" data-widget_type=\"heading.default\">\n\t\t\t\t<div class=\"elementor-widget-container\">\n\t\t\t<p class=\"elementor-heading-title elementor-size-default\">\u0410\u0440\u0435\u043d\u0434\u0430 \u043d\u0430\u0441\u0442\u0438\u043b\u0430 \u0438\u0437 \u0444\u0430\u043d\u0435\u0440\u044b. \u0420\u0430\u0437\u043c\u0435\u0440 \u043d\u0430 \u0437\u0430\u043a\u0430\u0437, \u0441\u0442\u043e\u0438\u043c\u043e\u0441\u0442\u044c<br> 160 MDL\/\u043c\u00b2<\/p>\t\t<\/div>\n\t\t\t\t<\/div>\n\t\t\t\t<div class=\"elementor-element elementor-element-41a4470 elementor-widget elementor-widget-button\" data-id=\"41a4470\" data-element_type=\"widget\" data-widget_type=\"button.default\">\n\t\t\t\t<div class=\"elementor-widget-container\">\n\t\t\t\t\t<div class=\"elementor-button-wrapper\">\n\t\t\t<a class=\"elementor-button elementor-button-link elementor-size-sm\" href=\"#elementor-action%3Aaction%3Dpopup%3Aopen%26settings%3DeyJpZCI6IjUxNSIsInRvZ2dsZSI6ZmFsc2V9\">\n\t\t\t\t\t\t<span class=\"elementor-button-content-wrapper\">\n\t\t\t\t\t\t<span class=\"elementor-button-text\">\u0417\u0430\u043a\u0430\u0437\u0430\u0442\u044c<\/span>\n\t\t<\/span>\n\t\t\t\t\t<\/a>\n\t\t<\/div>\n\t\t\t\t<\/div>\n\t\t\t\t<\/div>\n\t\t\t\t<\/div>\n\t\t\t\t<\/div>\n\t\t<div class=\"elementor-element elementor-element-cef0078 animated-fast e-flex e-con-boxed elementor-invisible e-con e-parent\" data-id=\"cef0078\" data-element_type=\"container\" data-settings=\"{&quot;animation&quot;:&quot;fadeInLeft&quot;,&quot;container_type&quot;:&quot;flex&quot;,&quot;content_width&quot;:&quot;boxed&quot;}\" data-core-v316-plus=\"true\">\n\t\t\t\t\t<div class=\"e-con-inner\">\n\t\t<div class=\"elementor-element elementor-element-3c292a1 e-con-full animated-fast e-flex elementor-invisible e-con e-child\" data-id=\"3c292a1\" data-element_type=\"container\" data-settings=\"{&quot;content_width&quot;:&quot;full&quot;,&quot;animation&quot;:&quot;zoomIn&quot;,&quot;container_type&quot;:&quot;flex&quot;}\">\n\t\t\t\t<div class=\"elementor-element elementor-element-20b9aba elementor-widget elementor-widget-heading\" data-id=\"20b9aba\" data-element_type=\"widget\" data-widget_type=\"heading.default\">\n\t\t\t\t<div class=\"elementor-widget-container\">\n\t\t\t<h2 class=\"elementor-heading-title elementor-size-default\">\u0410\u0420\u0415\u041d\u0414\u0410 - \u0427\u0415\u0425\u041b\u042b \u0414\u041b\u042f \u0421\u0422\u0423\u041b\u042c\u0415\u0412<br>\n50 MDL<\/h2>\t\t<\/div>\n\t\t\t\t<\/div>\n\t\t\t\t<div class=\"elementor-element elementor-element-ac72756 elementor-widget elementor-widget-heading\" data-id=\"ac72756\" data-element_type=\"widget\" data-widget_type=\"heading.default\">\n\t\t\t\t<div class=\"elementor-widget-container\">\n\t\t\t<p class=\"elementor-heading-title elementor-size-default\">\u0411\u0435\u043b\u044b\u0435\n<br><br><\/p>\t\t<\/div>\n\t\t\t\t<\/div>\n\t\t\t\t<div class=\"elementor-element elementor-element-0162711 elementor-widget elementor-widget-button\" data-id=\"0162711\" data-element_type=\"widget\" data-widget_type=\"button.default\">\n\t\t\t\t<div class=\"elementor-widget-container\">\n\t\t\t\t\t<div class=\"elementor-button-wrapper\">\n\t\t\t<a class=\"elementor-button elementor-button-link elementor-size-sm\" href=\"#elementor-action%3Aaction%3Dpopup%3Aopen%26settings%3DeyJpZCI6IjUxNSIsInRvZ2dsZSI6ZmFsc2V9\">\n\t\t\t\t\t\t<span class=\"elementor-button-content-wrapper\">\n\t\t\t\t\t\t<span class=\"elementor-button-text\">\u0417\u0430\u043a\u0430\u0437\u0430\u0442\u044c<\/span>\n\t\t<\/span>\n\t\t\t\t\t<\/a>\n\t\t<\/div>\n\t\t\t\t<\/div>\n\t\t\t\t<\/div>\n\t\t\t\t<\/div>\n\t\t<div class=\"elementor-element elementor-element-1879336 e-con-full animated-fast e-flex elementor-invisible e-con e-child\" data-id=\"1879336\" data-element_type=\"container\" data-settings=\"{&quot;content_width&quot;:&quot;full&quot;,&quot;animation&quot;:&quot;zoomIn&quot;,&quot;container_type&quot;:&quot;flex&quot;}\">\n\t\t\t\t<div class=\"elementor-element elementor-element-11f75e1 elementor-widget elementor-widget-heading\" data-id=\"11f75e1\" data-element_type=\"widget\" data-widget_type=\"heading.default\">\n\t\t\t\t<div class=\"elementor-widget-container\">\n\t\t\t<h2 class=\"elementor-heading-title elementor-size-default\">\u0410\u0420\u0415\u041d\u0414\u0410 - \u0421\u041a\u0410\u0422\u0415\u0420\u0422\u042c \u041a\u0420\u0423\u0413\u041b\u0410\u042f 290 \u0421\u041c<br>\n250 MDL<\/h2>\t\t<\/div>\n\t\t\t\t<\/div>\n\t\t\t\t<div class=\"elementor-element elementor-element-85259d1 elementor-widget elementor-widget-heading\" data-id=\"85259d1\" data-element_type=\"widget\" data-widget_type=\"heading.default\">\n\t\t\t\t<div class=\"elementor-widget-container\">\n\t\t\t<p class=\"elementor-heading-title elementor-size-default\">\u0411\u0435\u043b\u0430\u044f. \u041f\u043e\u0434\u0445\u043e\u0434\u0438\u0442 \u0434\u043b\u044f \u0441\u0442\u043e\u043b\u0430 150 \u0438 180 \u0441\u043c\n<br><br><\/p>\t\t<\/div>\n\t\t\t\t<\/div>\n\t\t\t\t<div class=\"elementor-element elementor-element-d03d0e8 elementor-widget elementor-widget-button\" data-id=\"d03d0e8\" data-element_type=\"widget\" data-widget_type=\"button.default\">\n\t\t\t\t<div class=\"elementor-widget-container\">\n\t\t\t\t\t<div class=\"elementor-button-wrapper\">\n\t\t\t<a class=\"elementor-button elementor-button-link elementor-size-sm\" href=\"#elementor-action%3Aaction%3Dpopup%3Aopen%26settings%3DeyJpZCI6IjUxNSIsInRvZ2dsZSI6ZmFsc2V9\">\n\t\t\t\t\t\t<span class=\"elementor-button-content-wrapper\">\n\t\t\t\t\t\t<span class=\"elementor-button-text\">\u0417\u0430\u043a\u0430\u0437\u0430\u0442\u044c<\/span>\n\t\t<\/span>\n\t\t\t\t\t<\/a>\n\t\t<\/div>\n\t\t\t\t<\/div>\n\t\t\t\t<\/div>\n\t\t\t\t<\/div>\n\t\t<div class=\"elementor-element elementor-element-86aa61a e-con-full animated-fast e-flex elementor-invisible e-con e-child\" data-id=\"86aa61a\" data-element_type=\"container\" data-settings=\"{&quot;content_width&quot;:&quot;full&quot;,&quot;animation&quot;:&quot;zoomIn&quot;,&quot;container_type&quot;:&quot;flex&quot;}\">\n\t\t\t\t<div class=\"elementor-element elementor-element-5b89461 elementor-widget elementor-widget-heading\" data-id=\"5b89461\" data-element_type=\"widget\" data-widget_type=\"heading.default\">\n\t\t\t\t<div class=\"elementor-widget-container\">\n\t\t\t<h2 class=\"elementor-heading-title elementor-size-default\">\u0410\u0420\u0415\u041d\u0414\u0410 - \u0421\u041a\u0410\u0422\u0415\u0420\u0422\u042c 250 \u0425 150 \u0421\u041c<br>\n150 MDL<\/h2>\t\t<\/div>\n\t\t\t\t<\/div>\n\t\t\t\t<div class=\"elementor-element elementor-element-0af875a elementor-widget elementor-widget-heading\" data-id=\"0af875a\" data-element_type=\"widget\" data-widget_type=\"heading.default\">\n\t\t\t\t<div class=\"elementor-widget-container\">\n\t\t\t<p class=\"elementor-heading-title elementor-size-default\">\u0411\u0435\u043b\u044b\u0435 \u0438 \u0431\u0435\u0436\u0438\u0432\u044b\u0435\n<br><br><\/p>\t\t<\/div>\n\t\t\t\t<\/div>\n\t\t\t\t<div class=\"elementor-element elementor-element-1ef9e89 elementor-widget elementor-widget-button\" data-id=\"1ef9e89\" data-element_type=\"widget\" data-widget_type=\"button.default\">\n\t\t\t\t<div class=\"elementor-widget-container\">\n\t\t\t\t\t<div class=\"elementor-button-wrapper\">\n\t\t\t<a class=\"elementor-button elementor-button-link elementor-size-sm\" href=\"#elementor-action%3Aaction%3Dpopup%3Aopen%26settings%3DeyJpZCI6IjUxNSIsInRvZ2dsZSI6ZmFsc2V9\">\n\t\t\t\t\t\t<span class=\"elementor-button-content-wrapper\">\n\t\t\t\t\t\t<span class=\"elementor-button-text\">\u0417\u0430\u043a\u0430\u0437\u0430\u0442\u044c<\/span>\n\t\t<\/span>\n\t\t\t\t\t<\/a>\n\t\t<\/div>\n\t\t\t\t<\/div>\n\t\t\t\t<\/div>\n\t\t\t\t<\/div>\n\t\t\t\t\t<\/div>\n\t\t\t\t<\/div>\n\t\t\t\t\t\t\t<\/div>","protected":false},"excerpt":{"rendered":"<p>\u00cenchiriere de textile \u0219i pardoseli din placaj Va oferim textile si placaj podele de inchiriat pentru evenimente \u0219i s\u0103rb\u0103tori PARDOSELI DIN PLACAJ 160 MDL\/\u043c\u00b2 \u00cenchiriere pardoseli din placaj. Dimensiune personalizat\u0103, cost 160 MDL\/\u043c\u00b2 \u0421omand\u0103 CHIRIE &#8211; HUSE PENTRU SCAUNE 50 MDL Alb \u0421omand\u0103 CHIRIE &#8211; FA\u021a\u0102 DE MAS\u0102 ROTUND\u0102 290 CM 250 MDL Alb. Potrivit [&hellip;]<\/p>","protected":false},"author":1,"featured_media":0,"parent":0,"menu_order":0,"comment_status":"closed","ping_status":"closed","template":"","meta":{"om_disable_all_campaigns":false,"_monsterinsights_skip_tracking":false,"_monsterinsights_sitenote_active":false,"_monsterinsights_sitenote_note":"","_monsterinsights_sitenote_category":0,"footnotes":""},"class_list":["post-765","page","type-page","status-publish","hentry"],"aioseo_notices":[],"_links":{"self":[{"href":"https:\/\/qvert.md\/ru\/wp-json\/wp\/v2\/pages\/765","targetHints":{"allow":["GET"]}}],"collection":[{"href":"https:\/\/qvert.md\/ru\/wp-json\/wp\/v2\/pages"}],"about":[{"href":"https:\/\/qvert.md\/ru\/wp-json\/wp\/v2\/types\/page"}],"author":[{"embeddable":true,"href":"https:\/\/qvert.md\/ru\/wp-json\/wp\/v2\/users\/1"}],"replies":[{"embeddable":true,"href":"https:\/\/qvert.md\/ru\/wp-json\/wp\/v2\/comments?post=765"}],"version-history":[{"count":25,"href":"https:\/\/qvert.md\/ru\/wp-json\/wp\/v2\/pages\/765\/revisions"}],"predecessor-version":[{"id":855,"href":"https:\/\/qvert.md\/ru\/wp-json\/wp\/v2\/pages\/765\/revisions\/855"}],"wp:attachment":[{"href":"https:\/\/qvert.md\/ru\/wp-json\/wp\/v2\/media?parent=765"}],"curies":[{"name":"wp","href":"https:\/\/api.w.org\/{rel}","templated":true}]}}